{"id":57,"date":"2018-07-22T17:45:20","date_gmt":"2018-07-22T17:45:20","guid":{"rendered":"http:\/\/lepetitrefuge.com\/?page_id=57"},"modified":"2018-07-22T20:42:48","modified_gmt":"2018-07-22T18:42:48","slug":"liens","status":"publish","type":"page","link":"https:\/\/lepetitrefuge.com\/?page_id=57","title":{"rendered":"LIENS"},"content":{"rendered":"<p><a href=\"http:\/\/www.fromage-montagne-pyrenees.com\/\">Fromagerie de la Core \u00e0 Samortein\u00a0dans la Vall\u00e9e de Bethmale<\/a><\/p>\n<p><a href=\"http:\/\/www.saint-girons-couserans-pyrenees.fr\/\">Office du Tourisme de Saint-Girons et du Couserans<\/a><\/p>\n<p><a href=\"http:\/\/www.refuge-araing.fr\/\">Refuge de l\u2019etang d\u2019Araing<\/a><\/p>\n<p><a href=\"http:\/\/www.labethmalaise.com\/\">Groupe folklorique La Bethmalaise<\/a><\/p>\n<p><a href=\"http:\/\/www.parapentefamily.com\/\">Ecole de parapente \u00e0 Moulis<\/a><\/p>\n<p><a href=\"http:\/\/www.ariege.com\/lesecuriesdubiros\">Randonn\u00e9es equestre \u00e0 Sentein<\/a><\/p>\n<p><a href=\"http:\/\/www.ariege.com\/\">Id\u00e9es a faire et h\u00e9bergement en Ari\u00e8ge<\/a><\/p>\n<p><a href=\"http:\/\/www.peche-ariege.com\/\">P\u00eache en Ari\u00e8ge<\/a><\/p>\n<p><a href=\"http:\/\/www.ariegepyrenees.com\/\">Office de Tourisme de l\u2019Ari\u00e8ge<\/a><\/p>\n<p><a href=\"http:\/\/clubalpin.ariege.free.fr\/\">Club Alpin Ari\u00e8geois<\/a><\/p>\n","protected":false},"excerpt":{"rendered":"<p>Fromagerie de la Core \u00e0 Samortein\u00a0dans la Vall\u00e9e de Bethmale Office du Tourisme de Saint-Girons et du Couserans Refuge de l\u2019etang d\u2019Araing Groupe folklorique La Bethmalaise Ecole de parapente \u00e0 Moulis Randonn\u00e9es equestre \u00e0 Sentein Id\u00e9es a faire et h\u00e9bergement en Ari\u00e8ge P\u00eache en Ari\u00e8ge Office de Tourisme de l\u2019Ari\u00e8ge Club Alpin Ari\u00e8geois<\/p>\n","protected":false},"author":1,"featured_media":0,"parent":52,"menu_order":5,"comment_status":"closed","ping_status":"closed","template":"","meta":{"_mi_skip_tracking":false,"footnotes":""},"_links":{"self":[{"href":"https:\/\/lepetitrefuge.com\/index.php?rest_route=\/wp\/v2\/pages\/57"}],"collection":[{"href":"https:\/\/lepetitrefuge.com\/index.php?rest_route=\/wp\/v2\/pages"}],"about":[{"href":"https:\/\/lepetitrefuge.com\/index.php?rest_route=\/wp\/v2\/types\/page"}],"author":[{"embeddable":true,"href":"https:\/\/lepetitrefuge.com\/index.php?rest_route=\/wp\/v2\/users\/1"}],"replies":[{"embeddable":true,"href":"https:\/\/lepetitrefuge.com\/index.php?rest_route=%2Fwp%2Fv2%2Fcomments&post=57"}],"version-history":[{"count":2,"href":"https:\/\/lepetitrefuge.com\/index.php?rest_route=\/wp\/v2\/pages\/57\/revisions"}],"predecessor-version":[{"id":145,"href":"https:\/\/lepetitrefuge.com\/index.php?rest_route=\/wp\/v2\/pages\/57\/revisions\/145"}],"up":[{"embeddable":true,"href":"https:\/\/lepetitrefuge.com\/index.php?rest_route=\/wp\/v2\/pages\/52"}],"wp:attachment":[{"href":"https:\/\/lepetitrefuge.com\/index.php?rest_route=%2Fwp%2Fv2%2Fmedia&parent=57"}],"curies":[{"name":"wp","href":"https:\/\/api.w.org\/{rel}","templated":true}]}}