{"id":54,"date":"2018-07-22T17:45:19","date_gmt":"2018-07-22T17:45:19","guid":{"rendered":"http:\/\/lepetitrefuge.com\/?page_id=54"},"modified":"2018-07-22T20:41:01","modified_gmt":"2018-07-22T18:41:01","slug":"le-village-de-ayet-dans-la-vallee-de-bethmale","status":"publish","type":"page","link":"https:\/\/lepetitrefuge.com\/?page_id=54","title":{"rendered":"LE VILLAGE DE AYET DANS LA VALL\u00c9E DE BETHMALE"},"content":{"rendered":"<h1><strong>LE VILLAGE DE AYET DANS LA VALL\u00c9E DE BETHMALE<\/strong><\/h1>\n<p>Ayet est\u00a0un petit village de montagne situ\u00e9 dans la c\u00e9l\u00e8bre Vall\u00e9e de Bethmale, bien connue pour ses traditions, son folklore, ses fromages et ses sabots. Belle eglise du 14e si\u00e8cle avec son clocher mur.\u00a0L\u2019approche est particuli\u00e8rement belle en descendant par le Col de la Core. La Vall\u00e9e de Bethmale est le royaume des randonneurs et des amoureux de la montagne. Elle est travers\u00e9e par le GR10 et elle est situ\u00e9e dans le Parc Naturel Regional de l\u2019Ari\u00e8ge.<\/p>\n<p>Le village d\u2019Ayet avec ses maisons en pierre naturelle aux toitures pittoresques en ardoises\u00a0est une \u00e9tape id\u00e9ale pour explorer les vall\u00e9es voisines de Biros, Bellongue et Haut-Salat. Le magnifique R\u00e9serve du Mont Valier, encore tr\u00e8s sauvage, est a proximit\u00e9.<\/p>\n<p>Dans ce village ensoleill\u00e9, qui domine la Vall\u00e9e de Bethmale, Antoine vous accueille en toute simplicit\u00e9 dans une maison pleine de charme.<\/p>\n<p>Pour toute question ou demande de r\u00e9servation, n\u2019h\u00e9siter pas \u00e0 me contacter:<br \/>\n<a href=\"http:\/\/www.lepetitrefuge.com\/francais\/\">lepetitrefuge@orange.fr<\/a><a href=\"http:\/\/www.lepetitrefuge.com\/francais\/\"><br \/>\n<\/a><br \/>\nLe Petit Refuge\u00a0est ouvert toute l\u2019ann\u00e9e!<\/p>\n<p>Wifi gratuit dans Le Petit Refuge!<\/p>\n","protected":false},"excerpt":{"rendered":"<p>LE VILLAGE DE AYET DANS LA VALL\u00c9E DE BETHMALE Ayet est\u00a0un petit village de montagne situ\u00e9 dans la c\u00e9l\u00e8bre Vall\u00e9e de Bethmale, bien connue pour ses traditions, son folklore, ses fromages et ses sabots. Belle eglise du 14e si\u00e8cle avec son clocher mur.\u00a0L\u2019approche est particuli\u00e8rement belle en descendant par le Col de la Core. La Vall\u00e9e de Bethmale est le royaume des randonneurs et des amoureux de la montagne. Elle est travers\u00e9e par le GR10 et elle est situ\u00e9e dans le Parc Naturel Regional de l\u2019Ari\u00e8ge. Le village d\u2019Ayet avec ses maisons en pierre naturelle aux toitures pittoresques en ardoises\u00a0est [&hellip;]<\/p>\n","protected":false},"author":1,"featured_media":0,"parent":52,"menu_order":2,"comment_status":"closed","ping_status":"closed","template":"","meta":{"_mi_skip_tracking":false,"footnotes":""},"_links":{"self":[{"href":"https:\/\/lepetitrefuge.com\/index.php?rest_route=\/wp\/v2\/pages\/54"}],"collection":[{"href":"https:\/\/lepetitrefuge.com\/index.php?rest_route=\/wp\/v2\/pages"}],"about":[{"href":"https:\/\/lepetitrefuge.com\/index.php?rest_route=\/wp\/v2\/types\/page"}],"author":[{"embeddable":true,"href":"https:\/\/lepetitrefuge.com\/index.php?rest_route=\/wp\/v2\/users\/1"}],"replies":[{"embeddable":true,"href":"https:\/\/lepetitrefuge.com\/index.php?rest_route=%2Fwp%2Fv2%2Fcomments&post=54"}],"version-history":[{"count":2,"href":"https:\/\/lepetitrefuge.com\/index.php?rest_route=\/wp\/v2\/pages\/54\/revisions"}],"predecessor-version":[{"id":141,"href":"https:\/\/lepetitrefuge.com\/index.php?rest_route=\/wp\/v2\/pages\/54\/revisions\/141"}],"up":[{"embeddable":true,"href":"https:\/\/lepetitrefuge.com\/index.php?rest_route=\/wp\/v2\/pages\/52"}],"wp:attachment":[{"href":"https:\/\/lepetitrefuge.com\/index.php?rest_route=%2Fwp%2Fv2%2Fmedia&parent=54"}],"curies":[{"name":"wp","href":"https:\/\/api.w.org\/{rel}","templated":true}]}}