{"id":307,"date":"2022-11-16T19:45:35","date_gmt":"2022-11-16T17:45:35","guid":{"rendered":"http:\/\/lepetitrefuge.com\/?page_id=307"},"modified":"2025-10-28T17:49:46","modified_gmt":"2025-10-28T15:49:46","slug":"winterwandelweek-8-15-februari-2020","status":"publish","type":"page","link":"https:\/\/lepetitrefuge.com\/?page_id=307","title":{"rendered":"24 januari &#8211; 31 januari 2026: Winter in  de Pyrenee\u00ebn"},"content":{"rendered":"<div class=\"mceTemp\"><\/div>\n<figure id=\"attachment_1195\" aria-describedby=\"caption-attachment-1195\" style=\"width: 750px\" class=\"wp-caption aligncenter\"><img loading=\"lazy\" decoding=\"async\" class=\"size-large wp-image-1195\" src=\"https:\/\/lepetitrefuge.com\/wp-content\/uploads\/2025\/10\/winterweek4-1024x683.jpg\" alt=\"\" width=\"750\" height=\"500\" srcset=\"https:\/\/lepetitrefuge.com\/wp-content\/uploads\/2025\/10\/winterweek4-1024x683.jpg 1024w, https:\/\/lepetitrefuge.com\/wp-content\/uploads\/2025\/10\/winterweek4-300x200.jpg 300w, https:\/\/lepetitrefuge.com\/wp-content\/uploads\/2025\/10\/winterweek4-768x512.jpg 768w, https:\/\/lepetitrefuge.com\/wp-content\/uploads\/2025\/10\/winterweek4-450x300.jpg 450w, https:\/\/lepetitrefuge.com\/wp-content\/uploads\/2025\/10\/winterweek4.jpg 1036w\" sizes=\"(max-width: 750px) 100vw, 750px\" \/><figcaption id=\"caption-attachment-1195\" class=\"wp-caption-text\">Aan de wandel in een winterse bergwereld.<\/figcaption><\/figure>\n<p align=\"CENTER\"><em><span style=\"color: #040727;\"><span style=\"font-family: Arial, sans-serif;\"><span style=\"font-size: large;\"><b>24 januari &#8211; 31 januari 2026<\/b><\/span><\/span><\/span><\/em><\/p>\n<p align=\"CENTER\"><em><span style=\"color: #040727;\"> <span style=\"font-family: Arial, sans-serif;\"><span style=\"font-size: large;\"><b>Winter in de Pyrenee\u00ebn<\/b><\/span><\/span><\/span><\/em><\/p>\n<p align=\"CENTER\"><em><span style=\"color: #040727;\"><span style=\"font-family: Arial, sans-serif;\"><span style=\"font-size: medium;\"><i>op sneeuwschoenen een witte bergwereld verkennen\u00a0<\/i><\/span><\/span><\/span><\/em><\/p>\n<p align=\"LEFT\"><em><span style=\"color: #040727;\"><span style=\"font-family: Arial, sans-serif;\"><span style=\"font-size: medium;\">Het lijkt een traditie te worden om een winterwandelweek aan te bieden, want het is bepaald niet de eerste keer dat ik probeer Pyrenee\u00ebnliefhebbers in de winter naar Ayet te lokken. En ik heb goede redenen om steeds weer een winterweek aan te bieden. In de eerste plaats vind ik dat je ooit in je leven de Pyrenee\u00ebn in de winter moet hebben beleefd. We weten allemaal wel hoe het is om in de zomer door de bergen te trekken, maar de winterse, witte bergen blijven voor velen onbekend. Nou, ik nodig je uit daar verandering in te brengen. De serene rust, de indringende stilte en de ongekende schoonheid van de natuur in de winter maken op iedereen diepe indruk. En mijn streek, de Castillonnais in de centrale Franse Pyrenee\u00ebn, is bij uitstek geschikt voor een kennismaking met die witte, serene bergwereld. Geen skigebieden, geen kabelbanen, geen massatoerisme. Nee, puur natuur en authenticiteit is wat we te bieden hebben. Hoe mooi is dat! Prachtige wandelingen op sneeuwschoenen zijn mogelijk in en rond de Vall\u00e9e de Bethmale. Ik ken de streek door en door en elke dag neem ik\u00a0 je mee naar de mooiste uithoeken van dit gebied. Vaak zullen we zelf een spoor trekken in de maagdelijke sneeuw. Waar kun je dat nog meemaken? In de week maken we ook een uitstap naar een andere streek in de Franse Pyrenee\u00ebn. We gaan naar Cauterets in de westelijke Pyrenee\u00ebn. Cauterets is een van de toegangspoorten van het Parc National en de drie valleien boven het dorp (Lutour, Gaube en Marcadau) behoren tot de mooiste van de Pyrenee\u00ebn. We maken er een mooie wandeling in de Vall\u00e9e du Marcadau en zullen ook een keer overnachten in een berghut, gelegen op een prachtige plek in de bergen. Deze uitstap voegt de nodige dynamiek en afwisseling toe aan de winterweek, die een onvergetelijke kennismaking kan zijn met de winterse Pyrenee\u00ebn, zonder dat het onmogelijke van je wordt gevraagd.<\/span><\/span><\/span><\/em><em><span style=\"color: #040727;\"><span style=\"font-family: Arial, sans-serif;\"><span style=\"font-size: medium;\"> Ik ben benieuwd wie de moedige stap richting Ayet durft te maken in januari. Overdag heerlijk aan de wandel, &#8217;s avonds lekker eten, warmte en gezelligheid. Het zal je aan niks ontbreken. Dus wat let je?<\/span><\/span><\/span><\/em><\/p>\n<figure id=\"attachment_1189\" aria-describedby=\"caption-attachment-1189\" style=\"width: 750px\" class=\"wp-caption aligncenter\"><img loading=\"lazy\" decoding=\"async\" class=\"size-large wp-image-1189\" src=\"https:\/\/lepetitrefuge.com\/wp-content\/uploads\/2025\/10\/winterweek1-1024x683.jpg\" alt=\"\" width=\"750\" height=\"500\" srcset=\"https:\/\/lepetitrefuge.com\/wp-content\/uploads\/2025\/10\/winterweek1-1024x683.jpg 1024w, https:\/\/lepetitrefuge.com\/wp-content\/uploads\/2025\/10\/winterweek1-300x200.jpg 300w, https:\/\/lepetitrefuge.com\/wp-content\/uploads\/2025\/10\/winterweek1-768x512.jpg 768w, https:\/\/lepetitrefuge.com\/wp-content\/uploads\/2025\/10\/winterweek1-450x300.jpg 450w, https:\/\/lepetitrefuge.com\/wp-content\/uploads\/2025\/10\/winterweek1.jpg 1036w\" sizes=\"(max-width: 750px) 100vw, 750px\" \/><figcaption id=\"caption-attachment-1189\" class=\"wp-caption-text\">De oude boogbrug Pont d&#8217;Espagne<\/figcaption><\/figure>\n<p align=\"LEFT\"><em><span style=\"color: #040727;\"><span style=\"font-family: Arial, sans-serif;\"><span style=\"font-size: large;\"><b>De week ziet er in schema als volgt uit:<\/b><\/span><\/span><\/span><\/em><\/p>\n<p align=\"LEFT\"><em><span style=\"color: #040727;\"><span style=\"font-family: Arial, sans-serif;\"><span style=\"font-size: medium;\"><b>Zaterdag 24 januari<\/b><\/span><\/span><\/span><\/em><\/p>\n<p align=\"LEFT\"><span style=\"color: #040727;\"><span style=\"font-family: Arial, sans-serif;\"><span style=\"font-size: medium;\"><em>Aankomst in Ayet bij de Petit Refuge. Onder het genot van een welkomstdrankje heet ik jullie welkom en maken we kennis. &#8217;s Avonds wacht een heerlijke maaltijd en we nemen de week alvast door.<\/em><\/span><\/span><\/span><\/p>\n<p align=\"LEFT\"><span style=\"color: #040727;\"><span style=\"font-family: Arial, sans-serif;\"><span style=\"font-size: medium;\"><em><b>Zondag 25 januari<\/b><\/em><\/span><\/span><\/span><\/p>\n<p align=\"LEFT\"><span style=\"color: #040727;\"><span style=\"font-family: Arial, sans-serif;\"><span style=\"font-size: medium;\"><em>We beginnen de week met een wandeling die het altijd goed doet in de winter: de klim naar de Col de la Core. Een pittige, maar erg mooie klim in een schilderachtig landschap, langs oude schuren tot aan de col, die het einde van de Vall\u00e9e de Bethmale markeert. We worden beloond met prachtige uitzichten op de col. Afhankelijk van de sneeuwcondities keren we terug via dezelfde route of nemen we een andere route. Voor of na de wandeling gaan we ook nog even naar het Lac de Bethmale, dat er in de winter soms sprookjesachtig uitziet.<\/em><\/span><\/span><\/span><\/p>\n<p align=\"LEFT\"><span style=\"color: #040727;\"><span style=\"font-family: Arial, sans-serif;\"><span style=\"font-size: medium;\"><em>Tijdsduur: 4 uur; Klimmen en dalen: 400 meter<\/em><\/span><\/span><\/span><\/p>\n<p align=\"LEFT\"><span style=\"color: #040727;\"><span style=\"font-family: Arial, sans-serif;\"><span style=\"font-size: medium;\"><em><b>Maandag 26 januari<\/b><\/em><\/span><\/span><\/span><\/p>\n<p align=\"LEFT\"><span style=\"color: #040727;\"><span style=\"font-family: Arial, sans-serif;\"><span style=\"font-size: medium;\"><em>We gaan naar het gehucht Balacet in de Vall\u00e9e du Biros. Als de winter zijn werk goed heeft gedaan, is de geplande wandeling een van de mooiste van de week. Een schitterende rondwandeling, deels door bos maar ook lange tijd over open berghellingen die uitzichten bieden waarvan een sneeuwschoenwandelaar alleen maar kan dromen. Van Vall\u00e9e de Bethmale, Col de la Core, Mont Valier, een lange reeks imposante grenstoppen tot aan de Pic de la Calabasse. 180 graden panorama&#8217;s. Je blijft kijken en je verbazen over een wondere winterwereld. <\/em><\/span><\/span><\/span><\/p>\n<p align=\"LEFT\"><span style=\"color: #040727;\"><span style=\"font-family: Arial, sans-serif;\"><span style=\"font-size: medium;\"><em>Tijdsduur: 4 uur (met de Pic de l&#8217;Arraing erbij 6.5 uur); Klimmen en dalen: 400 meter (met de Pic de l&#8217;Arraing erbij 700 meter)<\/em><\/span><\/span><\/span><\/p>\n<figure id=\"attachment_1193\" aria-describedby=\"caption-attachment-1193\" style=\"width: 750px\" class=\"wp-caption aligncenter\"><img loading=\"lazy\" decoding=\"async\" class=\"wp-image-1193\" src=\"https:\/\/lepetitrefuge.com\/wp-content\/uploads\/2025\/10\/winterweek3.jpg\" alt=\"\" width=\"750\" height=\"487\" srcset=\"https:\/\/lepetitrefuge.com\/wp-content\/uploads\/2025\/10\/winterweek3.jpg 990w, https:\/\/lepetitrefuge.com\/wp-content\/uploads\/2025\/10\/winterweek3-300x195.jpg 300w, https:\/\/lepetitrefuge.com\/wp-content\/uploads\/2025\/10\/winterweek3-768x499.jpg 768w, https:\/\/lepetitrefuge.com\/wp-content\/uploads\/2025\/10\/winterweek3-462x300.jpg 462w\" sizes=\"(max-width: 750px) 100vw, 750px\" \/><figcaption id=\"caption-attachment-1193\" class=\"wp-caption-text\">Lac de Bethmale in winterkleed. Een sprookje!<\/figcaption><\/figure>\n<p align=\"LEFT\"><strong><span style=\"color: #040727;\"><span style=\"font-family: Arial, sans-serif;\"><span style=\"font-size: medium;\"><em>Dinsdag 27 januari<\/em><\/span><\/span><\/span><\/strong><\/p>\n<p align=\"LEFT\"><em>We ontbijten vroeg en gaan dan op weg naar Cauterets. Naar verwachting komen we aan het eind van de ochtend aan in het dorp.\u00a0 Aansluitend maken we vanuit het dorp een korte, ontspannen rondwandeling. We overnachten in Cauterets in een gite d&#8217;\u00e9tape.\u00a0<\/em><\/p>\n<p align=\"LEFT\"><em>Tijdsduur: 2.5 uur; klimmen en dalen: 200 meter.<\/em><\/p>\n<p align=\"LEFT\"><strong><span style=\"color: #040727;\"><span style=\"font-family: Arial, sans-serif;\"><span style=\"font-size: medium;\"><em>Woensdag 28 januari<\/em><\/span><\/span><\/span><\/strong><\/p>\n<p align=\"LEFT\"><span style=\"color: #040727;\"><span style=\"font-family: Arial, sans-serif;\"><span style=\"font-size: medium;\"><em>Per bus gaan we naar de Pont d&#8217;Espagne (1498m), een bijzondere plek vanwege de talloze watervallen die hier zijn te bewonderen. In de Vall\u00e9e du Marcadau volgen we in grote lijnen de Gave du Marcadau, die door de vallei stroomt. Het ene na het andere plateau doorkruisen we tot we uiteindelijk uitkomen bij Refuge Wallon. Een prachtige plek om de nacht door te brengen, niet in de laatste plaats vanwege het imposante decor van hoge toppen. Indien de omstandigheden het toelaten, maken we in de buurt van de refuge nog een korte wandeling.<\/em><\/span><\/span><\/span><\/p>\n<p align=\"LEFT\"><span style=\"color: #040727;\"><span style=\"font-family: Arial, sans-serif;\"><span style=\"font-size: medium;\"><em>Tijdsduur: 4 uur; klimmen: 370 meter.<br \/>\n<\/em><\/span><\/span><\/span><\/p>\n<p align=\"LEFT\"><span style=\"color: #040727;\"><span style=\"font-family: Arial, sans-serif;\"><span style=\"font-size: medium;\"><em><b>Donderdag 29 januari<\/b><\/em><\/span><\/span><\/span><\/p>\n<p align=\"LEFT\"><em>We gaan terug naar de Pont d&#8217;Espagne. Bepaald geen straf om het traject nog eens af te leggen. Aansluitend nemen we de bus naar Cauterets en per auto gaan we terug naar Ayet. &#8217;s Avonds wordt er niet gekookt in de Petit Refuge.\u00a0<\/em><\/p>\n<p align=\"LEFT\"><em>Tijdsduur: 3 uur; dalen: 370 meter.<\/em><\/p>\n<p align=\"LEFT\"><span style=\"color: #040727;\"><span style=\"font-family: Arial, sans-serif;\"><span style=\"font-size: medium;\"><em><b>Vrijdag 30 januari<\/b><\/em><\/span><\/span><\/span><\/p>\n<p align=\"LEFT\"><span style=\"color: #040727;\"><span style=\"font-family: Arial, sans-serif;\"><span style=\"font-size: medium;\"><em>In de westelijke punt van de Vall\u00e9e de Bellongue maken we een pittige wandeling die in de winter altijd veel waardering oogst. Vanaf de Col de Portet d&#8217;Aspet klimmen we door een mooi loofbos naar open hellingen die ongelooflijke panorama&#8217;s bieden in alle richtingen. Daarbij komt zelfs het hoogste massief van de Pyrenee\u00ebn, het Maladeta-massief (3404m) in Spanje, in beeld. Lange tijd blijven we op hoogte in een sprookjesachtig landschap. De Pic de Paloum\u00e8re (1604m) zal ons hoogste punt zijn. Als de omstandigheden meewerken, wordt dit zonder meer een topdag!<br \/>\nTijdsduur: 5.30u uur: Klimmen en dalen: 700 meter.<br \/>\n<\/em><\/span><\/span><\/span><\/p>\n<p align=\"LEFT\"><span style=\"color: #040727;\"><span style=\"font-family: Arial, sans-serif;\"><span style=\"font-size: medium;\"><em><b>Zaterdag 31 januari<\/b><\/em><\/span><\/span><\/span><\/p>\n<p align=\"LEFT\"><span style=\"color: #040727;\"><span style=\"font-family: Arial, sans-serif;\"><span style=\"font-size: medium;\"><em>Na het ontbijt nemen we afscheid.<\/em><\/span><\/span><\/span><\/p>\n<p align=\"CENTER\"><span style=\"color: #040727;\"><span style=\"font-family: Arial, sans-serif;\"><span style=\"font-size: medium;\"><em><i><b>Voor deze week heb je een goede conditie nodig, want er zitten stevige bergwandelingen bij en het lopen op sneeuwschoenen kost soms veel energie. We verwachten dat je niet geheel onvoorbereid of ongetraind naar Ayet gaat en dat je over adequaat materiaal beschikt. Enige mentale weerbaarheid wordt op prijs gesteld, omdat de omstandigheden soms tegen ons werken en wandelingen dan niet helemaal verlopen zoals gepland<\/b><\/i><\/em><em><i><b>.<\/b><\/i><\/em><\/span><\/span><\/span><\/p>\n<p align=\"CENTER\"><em><span style=\"color: #040727;\"><span style=\"font-family: Arial, sans-serif;\"><span style=\"font-size: medium;\"><i><b>Praktische informatie<\/b><\/i><\/span><\/span><\/span><\/em><em><span style=\"color: #040727;\"><span style=\"font-family: Arial, sans-serif;\"><span style=\"font-size: medium;\"><i><br \/>\nPrijs van de week per persoon: \u20ac 550<\/i><\/span><\/span><\/span><\/em><\/p>\n<p align=\"CENTER\"><em><span style=\"color: #040727;\"><span style=\"font-family: Arial, sans-serif;\"><span style=\"font-size: medium;\"><i><br \/>\n<\/i><\/span><\/span><\/span><\/em><em><span style=\"color: #040727;\"><span style=\"font-family: Arial, sans-serif;\"><span style=\"font-size: medium;\"><i><b>Inbegrepen<\/b><\/i><\/span><\/span><\/span><\/em><em><span style=\"color: #040727;\"><span style=\"font-family: Arial, sans-serif;\"><span style=\"font-size: medium;\"><i>:<br \/>\n5 overnachtingen in de Petit Refuge\u00a0 (tweepersoonskamer <\/i><\/span><\/span><\/span><\/em><em><span style=\"color: #040727;\"><span style=\"font-family: Arial, sans-serif;\"><span style=\"font-size: medium;\"><i>die je deelt); \u00e9\u00e9n nacht in een gite d&#8217;\u00e9tape (slaapzaaltje)<\/i><\/span><\/span><\/span><\/em><em><span style=\"color: #040727;\"><span style=\"font-family: Arial, sans-serif;\"><span style=\"font-size: medium;\"><i> en een nacht in een berghut (slaapzaaltje)<\/i><\/span><\/span><\/span><\/em><em><span style=\"color: #040727;\"><span style=\"font-family: Arial, sans-serif;\"><span style=\"font-size: medium;\"><i>\u00a0;<\/i><\/span><\/span><\/span><\/em><\/p>\n<p align=\"CENTER\"><em><span style=\"color: #040727;\"><span style=\"font-family: Arial, sans-serif;\"><span style=\"font-size: medium;\"><i>6 maaltijden. Op de donderdag wordt niet gekookt in de Petit Refuge. Je zou kunnen eten in een leuk restaurant in de Vall\u00e9e de Bethmale, echter op eigen kosten;<\/i><\/span><\/span><\/span><\/em><\/p>\n<p align=\"CENTER\"><em>busrit van Cauterets naar Pont d&#8217;Espagne;<\/em><\/p>\n<p align=\"CENTER\"><em><span style=\"color: #040727;\"><span style=\"font-family: Arial, sans-serif;\"><span style=\"font-size: medium;\"><i>7 ontbijtjes;<\/i><\/span><\/span><\/span><\/em><\/p>\n<p align=\"CENTER\"><em><span style=\"color: #040727;\"><span style=\"font-family: Arial, sans-serif;\"><span style=\"font-size: medium;\"><i>6 lunchpakketten;<\/i><\/span><\/span><\/span><\/em><\/p>\n<p align=\"CENTER\"><em><span style=\"color: #040727;\"><span style=\"font-family: Arial, sans-serif;\"><span style=\"font-size: medium;\"><i>Begeleiding van alle wandelingen door Ton<\/i><\/span><\/span><\/span><\/em><\/p>\n<p align=\"CENTER\"><em><span style=\"color: #040727;\"><span style=\"font-family: Arial, sans-serif;\"><span style=\"font-size: medium;\"><i><b>Niet inbegrepen<\/b><\/i><\/span><\/span><\/span><\/em><em><span style=\"color: #040727;\"><span style=\"font-family: Arial, sans-serif;\"><span style=\"font-size: medium;\"><i>:<br \/>\n<\/i><\/span><\/span><\/span><\/em><em><span style=\"color: #040727;\"><span style=\"font-family: Arial, sans-serif;\"><span style=\"font-size: medium;\"><i>Alle overige uitgaven, waaronder begrepen de heen &#8211; en terugreis, transfers (dus ook de autorit naar Cauterets), verzekering, drankjes, huur sneeuwschoenen (te huur bij het toeristenbureau in Castillon; reken op een prijs van \u20ac6 per dag). Elke deelnemer is verantwoordelijk voor zijn of haar eigen vervoer.<\/i><\/span><\/span><\/span><\/em><\/p>\n<figure id=\"attachment_1191\" aria-describedby=\"caption-attachment-1191\" style=\"width: 750px\" class=\"wp-caption aligncenter\"><img loading=\"lazy\" decoding=\"async\" class=\"size-large wp-image-1191\" src=\"https:\/\/lepetitrefuge.com\/wp-content\/uploads\/2025\/10\/winterweek2-1024x683.jpg\" alt=\"\" width=\"750\" height=\"500\" srcset=\"https:\/\/lepetitrefuge.com\/wp-content\/uploads\/2025\/10\/winterweek2-1024x683.jpg 1024w, https:\/\/lepetitrefuge.com\/wp-content\/uploads\/2025\/10\/winterweek2-300x200.jpg 300w, https:\/\/lepetitrefuge.com\/wp-content\/uploads\/2025\/10\/winterweek2-768x512.jpg 768w, https:\/\/lepetitrefuge.com\/wp-content\/uploads\/2025\/10\/winterweek2-450x300.jpg 450w, https:\/\/lepetitrefuge.com\/wp-content\/uploads\/2025\/10\/winterweek2.jpg 1036w\" sizes=\"(max-width: 750px) 100vw, 750px\" \/><figcaption id=\"caption-attachment-1191\" class=\"wp-caption-text\">Op sneeuwschoenen door de Vall\u00e9e du Marcadau naar refuge Wallon.<\/figcaption><\/figure>\n<p align=\"LEFT\"><span style=\"color: #040727;\"><span style=\"font-family: Arial, sans-serif;\"><span style=\"font-size: medium;\">Op deze wandelweek zijn de reserveringsvoorwaarden van de Petit Refuge van toepassing. Bij boeking doe je een een aanbetaling van \u20ac 200 en uiterlijk een maand voor aankomst betaal je het restant. In geval van annulering krijg je gedane betalingen alleen terug als ik er in slaag een vervanger te vinden. Indien de week door overmacht van mijn kant niet door kan gaan, krijg je de volledige reissom terug, zonder dat je aanspraak kunt maken op verdere vergoedingen.<\/span><\/span><\/span><b><\/b><\/p>\n<p><span style=\"color: #040727;\"><span style=\"font-family: Arial, sans-serif;\"><span style=\"font-size: medium;\">Het programma is niet heilig en kan onder de omstandigheden worden aangepast. Ik kies de periode die volgens mij de beste kans geeft op goede sneeuwcondities, maar de omstandigheden in de winter zijn grillig. Er is dus geen garantie dat er op de berghellingen sneeuw ligt en het is dus evenmin zeker dat we steeds op sneeuwschoenen kunnen gaan lopen.\u00a0<\/span><\/span><\/span><\/p>\n<p>Een wandelweek is geen duiventil waarin je je eigen plan kan trekken. We kiezen er voor samen op pad te gaan en de week samen vorm te geven.<\/p>\n<p>Ondanks dat ik de begeleiding heel serieus neem, doe je de wandelingen op eigen risico. Sluit daarom een goede verzekering af.<\/p>\n<p>Heb je belangstelling of wil je meer weten over deze week?<br \/>\n<span style=\"color: #06071b;\"><span style=\"font-family: Arial, sans-serif;\"><span style=\"font-size: medium;\">Mail me dan: <\/span><\/span><\/span><a href=\"mailto:lepetitrefuge@orange.fr\"><span style=\"font-family: Arial, sans-serif;\"><span style=\"font-size: medium;\">lepetitrefuge@orange.fr<\/span><\/span><\/a><i> <\/i><\/p>\n<div class=\"mceTemp\" style=\"text-align: center;\"><\/div>\n<figure id=\"attachment_1187\" aria-describedby=\"caption-attachment-1187\" style=\"width: 750px\" class=\"wp-caption aligncenter\"><img loading=\"lazy\" decoding=\"async\" class=\"size-large wp-image-1187\" src=\"https:\/\/lepetitrefuge.com\/wp-content\/uploads\/2025\/10\/winterweek-1024x683.jpg\" alt=\"\" width=\"750\" height=\"500\" srcset=\"https:\/\/lepetitrefuge.com\/wp-content\/uploads\/2025\/10\/winterweek-1024x683.jpg 1024w, https:\/\/lepetitrefuge.com\/wp-content\/uploads\/2025\/10\/winterweek-300x200.jpg 300w, https:\/\/lepetitrefuge.com\/wp-content\/uploads\/2025\/10\/winterweek-768x512.jpg 768w, https:\/\/lepetitrefuge.com\/wp-content\/uploads\/2025\/10\/winterweek-450x300.jpg 450w, https:\/\/lepetitrefuge.com\/wp-content\/uploads\/2025\/10\/winterweek.jpg 1036w\" sizes=\"(max-width: 750px) 100vw, 750px\" \/><figcaption id=\"caption-attachment-1187\" class=\"wp-caption-text\">Winters decor in de Vall\u00e9e de Bethmale<\/figcaption><\/figure>\n","protected":false},"excerpt":{"rendered":"<p>24 januari &#8211; 31 januari 2026 Winter in de Pyrenee\u00ebn op sneeuwschoenen een witte bergwereld verkennen\u00a0 Het lijkt een traditie te worden om een winterwandelweek aan te bieden, want het is bepaald niet de eerste keer dat ik probeer Pyrenee\u00ebnliefhebbers in de winter naar Ayet te lokken. En ik heb goede redenen om steeds weer een winterweek aan te bieden. In de eerste plaats vind ik dat je ooit in je leven de Pyrenee\u00ebn in de winter moet hebben beleefd. We weten allemaal wel hoe het is om in de zomer door de bergen te trekken, maar de winterse, witte [&hellip;]<\/p>\n","protected":false},"author":1,"featured_media":0,"parent":113,"menu_order":1,"comment_status":"closed","ping_status":"closed","template":"","meta":{"_mi_skip_tracking":false,"footnotes":""},"_links":{"self":[{"href":"https:\/\/lepetitrefuge.com\/index.php?rest_route=\/wp\/v2\/pages\/307"}],"collection":[{"href":"https:\/\/lepetitrefuge.com\/index.php?rest_route=\/wp\/v2\/pages"}],"about":[{"href":"https:\/\/lepetitrefuge.com\/index.php?rest_route=\/wp\/v2\/types\/page"}],"author":[{"embeddable":true,"href":"https:\/\/lepetitrefuge.com\/index.php?rest_route=\/wp\/v2\/users\/1"}],"replies":[{"embeddable":true,"href":"https:\/\/lepetitrefuge.com\/index.php?rest_route=%2Fwp%2Fv2%2Fcomments&post=307"}],"version-history":[{"count":23,"href":"https:\/\/lepetitrefuge.com\/index.php?rest_route=\/wp\/v2\/pages\/307\/revisions"}],"predecessor-version":[{"id":1197,"href":"https:\/\/lepetitrefuge.com\/index.php?rest_route=\/wp\/v2\/pages\/307\/revisions\/1197"}],"up":[{"embeddable":true,"href":"https:\/\/lepetitrefuge.com\/index.php?rest_route=\/wp\/v2\/pages\/113"}],"wp:attachment":[{"href":"https:\/\/lepetitrefuge.com\/index.php?rest_route=%2Fwp%2Fv2%2Fmedia&parent=307"}],"curies":[{"name":"wp","href":"https:\/\/api.w.org\/{rel}","templated":true}]}}