{"id":143,"date":"2018-07-22T20:42:21","date_gmt":"2018-07-22T18:42:21","guid":{"rendered":"http:\/\/lepetitrefuge.com\/?page_id=143"},"modified":"2018-07-22T20:42:21","modified_gmt":"2018-07-22T18:42:21","slug":"antoine-joosten","status":"publish","type":"page","link":"https:\/\/lepetitrefuge.com\/?page_id=143","title":{"rendered":"ANTOINE JOOSTEN"},"content":{"rendered":"<h1><strong>ANTOINE JOOSTEN<\/strong><\/h1>\n<p>Antoine, n\u00e9 en 1959\u00a0aux les Pays-Bas, est un amoureux des Pyr\u00e9n\u00e9es depuis longtemps. En 1986 il a visit\u00e9 les Pyr\u00e9n\u00e9es pour la premi\u00e8re fois et apr\u00e8s a fait de longues randonn\u00e9es pour explorer les Pyr\u00e9n\u00e9es Francaises, Espagnoles et Andorranes. Avant de s\u2019installer dans le Couserans, il a parcouru les montagnes pendant plus de 1400 jours.<br \/>\nAmateur de photographie, ecrivain, il a d\u00e9j\u00e0 ecrit onze livres sur les Pyr\u00e9n\u00e9es, dont dix guides de randonn\u00e9es et un livre avec de belles photos. Malheureusement ces livres ne sont pas \u00e9crit en Francais, mais un guide est d\u00e9ja traduit en Anglais et publi\u00e9 par\u00a0<a href=\"http:\/\/www.cicerone.co.uk\/\">Cicerone<\/a>\u00a0en Angleterre: c\u2019est le guide The Pyrenean Haute Route (Haute Randonn\u00e9e Pyr\u00e9n\u00e9enne).<\/p>\n<p>En 2015 Antoine a publi\u00e9 un magnifique livre photo: Lac de Bethmale &amp; Vall\u00e9e de Bethmale (<em>images d\u2019un lac enchant\u00e9 et d\u2019une vall\u00e9e pr\u00e9serv\u00e9e<\/em>)<\/p>\n<p>Depuis 2011 Antoine pr\u00e9pare un accueil chaleureux dans son Petit Refuge pour tous les amoureux des Pyr\u00e9n\u00e9es!<\/p>\n<p>Antoine parle Francais, Anglais, Allemand et Hollandais.<\/p>\n","protected":false},"excerpt":{"rendered":"<p>ANTOINE JOOSTEN Antoine, n\u00e9 en 1959\u00a0aux les Pays-Bas, est un amoureux des Pyr\u00e9n\u00e9es depuis longtemps. En 1986 il a visit\u00e9 les Pyr\u00e9n\u00e9es pour la premi\u00e8re fois et apr\u00e8s a fait de longues randonn\u00e9es pour explorer les Pyr\u00e9n\u00e9es Francaises, Espagnoles et Andorranes. Avant de s\u2019installer dans le Couserans, il a parcouru les montagnes pendant plus de 1400 jours. Amateur de photographie, ecrivain, il a d\u00e9j\u00e0 ecrit onze livres sur les Pyr\u00e9n\u00e9es, dont dix guides de randonn\u00e9es et un livre avec de belles photos. Malheureusement ces livres ne sont pas \u00e9crit en Francais, mais un guide est d\u00e9ja traduit en Anglais et [&hellip;]<\/p>\n","protected":false},"author":1,"featured_media":0,"parent":52,"menu_order":4,"comment_status":"closed","ping_status":"closed","template":"","meta":{"_mi_skip_tracking":false,"footnotes":""},"_links":{"self":[{"href":"https:\/\/lepetitrefuge.com\/index.php?rest_route=\/wp\/v2\/pages\/143"}],"collection":[{"href":"https:\/\/lepetitrefuge.com\/index.php?rest_route=\/wp\/v2\/pages"}],"about":[{"href":"https:\/\/lepetitrefuge.com\/index.php?rest_route=\/wp\/v2\/types\/page"}],"author":[{"embeddable":true,"href":"https:\/\/lepetitrefuge.com\/index.php?rest_route=\/wp\/v2\/users\/1"}],"replies":[{"embeddable":true,"href":"https:\/\/lepetitrefuge.com\/index.php?rest_route=%2Fwp%2Fv2%2Fcomments&post=143"}],"version-history":[{"count":1,"href":"https:\/\/lepetitrefuge.com\/index.php?rest_route=\/wp\/v2\/pages\/143\/revisions"}],"predecessor-version":[{"id":144,"href":"https:\/\/lepetitrefuge.com\/index.php?rest_route=\/wp\/v2\/pages\/143\/revisions\/144"}],"up":[{"embeddable":true,"href":"https:\/\/lepetitrefuge.com\/index.php?rest_route=\/wp\/v2\/pages\/52"}],"wp:attachment":[{"href":"https:\/\/lepetitrefuge.com\/index.php?rest_route=%2Fwp%2Fv2%2Fmedia&parent=143"}],"curies":[{"name":"wp","href":"https:\/\/api.w.org\/{rel}","templated":true}]}}