{"id":123,"date":"2018-07-22T20:36:35","date_gmt":"2018-07-22T18:36:35","guid":{"rendered":"http:\/\/lepetitrefuge.com\/?page_id=123"},"modified":"2018-12-06T23:00:14","modified_gmt":"2018-12-06T21:00:14","slug":"mijn-verhaal","status":"publish","type":"page","link":"https:\/\/lepetitrefuge.com\/?page_id=123","title":{"rendered":"Mijn Verhaal"},"content":{"rendered":"<h1 style=\"text-align: center;\"><strong>MIJN VERHAAL<\/strong><\/h1>\n<p style=\"text-align: center;\"><strong><em>\u00a0<\/em><em>\u201cAlpinisten hebben het maar gemakkelijk. Zij kunnen terecht in alle berggebieden van de wereld.<br \/>\nEen Pyrene\u00efst daarentegen heeft zijn hart verpand aan die ene bergketen op de grens van Frankrijk<br \/>\nen Spanje en zal zich uitsluitend op de Pyrenee\u00ebn kunnen richten.<br \/>\nHet is een kwestie van verbondenheid. Aan de buitenwacht is dit moeilijk uit te leggen.\u201d<br \/>\nuit: Mijn Pyrenee\u00ebn, een fotografische impressie<\/em><\/strong><\/p>\n<p><a href=\"http:\/\/lepetitrefuge.com\/wp-content\/uploads\/2018\/07\/tonjoosten.jpg\" data-lightbox=\"gal[123]\"><img loading=\"lazy\" decoding=\"async\" class=\"size-medium wp-image-233 aligncenter\" src=\"http:\/\/lepetitrefuge.com\/wp-content\/uploads\/2018\/07\/tonjoosten-300x199.jpg\" alt=\"\" width=\"300\" height=\"199\" srcset=\"https:\/\/lepetitrefuge.com\/wp-content\/uploads\/2018\/07\/tonjoosten-300x199.jpg 300w, https:\/\/lepetitrefuge.com\/wp-content\/uploads\/2018\/07\/tonjoosten-768x510.jpg 768w, https:\/\/lepetitrefuge.com\/wp-content\/uploads\/2018\/07\/tonjoosten-1024x680.jpg 1024w, https:\/\/lepetitrefuge.com\/wp-content\/uploads\/2018\/07\/tonjoosten-452x300.jpg 452w, https:\/\/lepetitrefuge.com\/wp-content\/uploads\/2018\/07\/tonjoosten.jpg 1930w\" sizes=\"(max-width: 300px) 100vw, 300px\" \/><\/a><\/p>\n<p>Mijn liefde voor de Pyrenee\u00ebn is niet in \u00e9\u00e9n keer ontstaan. Het is niet zo dat ik ging wandelen in de Pyrenee\u00ebn en op slag verliefd werd. Het is allemaal geleidelijk gegaan. Ook is het niet zo dat ik van jongs af aan heb gedroomd van een avontuurlijk bestaan, van lange solotochten door ongebaande natuurgebieden, van het schrijven van boeken en het geven van lezingen. In mijn studententijd kwam ik min of meer toevallig in de Pyrenee\u00ebn terecht. In 1986 vertrok ik met een studievriend naar de Pyrenee\u00ebn. Naar Andorra, om precies te zijn. Dat de alcohol en de sigaretten in Andorra goedkoop zijn, speelde een belangrijke rol bij het bepalen van het reisdoel, maar, zo spraken we af, we zouden toch vooral gaan wandelen in die onbekende bergen waar wij beiden nog nooit waren geweest. Gewandeld hebben we inderdaad. Het had allemaal niet zoveel om het lijf, maar we hebben toch enkele malen heel dapper de bewoonde wereld ingeruild voor de ongenaakbare bergwereld van de Pyrenee\u00ebn. Stap voor stap raakte ik onder de indruk van de ruwe schoonheid van de Pyrenee\u00ebn, maar reden om er nog eens naar terug te keren zag ik niet direct. Dat veranderde pas toen ik tijdens een van onze dagwandelingen aan de praat raakte met een Nederlands stel dat met volle bepakking aan het rondtrekken was. De tent in de vrije natuur opzetten op een mooie plek, je eigen weg zien te vinden in de woeste natuur aan de hand van kaart en kompas, voor meerdere dagen eten meenemen, water uit kristalheldere bergbeken drinken, een geweldig gevoel van vrijheid ervaren en vooral genieten van de Pyreneese natuur. Ja, dat wilde ik ook en een jaar later stond ik dan ook opnieuw in de Pyrenee\u00ebn. Alleen en met een zware rugzak. Door het gebrekkige materiaal, onbekendheid met het rondtrekken in de Pyrenee\u00ebn en het matige weer werd de tocht niet het grote succes waarvan ik had gedroomd, maar het was toch een ervaring die naar meer smaakte. De Pyrenee\u00ebn hadden hun uitwerking niet gemist en dat ik in de toekomst zou terugkeren, stond vast. En ik ging terug. Jaar na jaar. 1989 is de laatste reis geweest die zich voor een deel niet in de Pyrenee\u00ebn afspeelde. Mijn toenmalige vriendin wist mij zover te krijgen drie weken naar Portugal te gaan en aansluitend nog een weekje Pyrenee\u00ebn te doen. Als ik achteraf terugkijk op die vakantie, moet ik vaststellen dat ik alleen maar zat te wachten tot ik eindelijk in de Pyrenee\u00ebn was. Eigenlijk was het toen al zover dat de Pyrenee\u00ebn voortdurend door mijn hoofd spookten, al wilde ik dat nog niet toegeven.<\/p>\n<p>Langzaamaan begon ik te lezen over de Pyrenee\u00ebn en het in 1991 gekochte boek \u201cClassic walks in the Pyrenees\u201d van de Engelse Pyrenee\u00ebnspecialist Kev Reynolds opende mijn ogen. Tot dan toe had ik me moeten behelpen met een Nederlandstalig boekje waarin de gebieden Cauterets, G\u00e8dre, Gavarnie en Ordesa werden besproken. Ik leefde in de veronderstelling dat de Pyrenee\u00ebn buiten deze gebieden niet veel te bieden hadden. Reynolds, met zijn smaakvolle foto\u2019s, zijn kennis en enthousiaste teksten, wist mij ervan te overtuigen dat er in de Pyrenee\u00ebn nog heel veel te ontdekken was. Het boek heeft mij enorm geholpen bij het maken van een deugdelijke tochtplanning en ik vind het dan ook niet vreemd dat ik in de vroege herfst van 1992, tijdens een magnifieke tocht die ik had samengesteld aan de hand van zijn boek, het idee kreeg zelf een boek over de Pyrenee\u00ebn te schrijven. Als ik dan toch zoveel van de Pyrenee\u00ebn weet en er zo vol van ben, dan moet ik er ook maar eens een boek over schrijven, was de gedachte. Een wandelboek moest het worden. Een boek met talloze meerdaagse tochten, die samen een netwerk zouden vormen over de gehele centrale Pyrenee\u00ebn. Meer dan zomaar een wandelgidsje, maar een uitgebreid boekwerk met enthousiaste teksten en mooie foto\u2019s. De gedachte aan het boek liet me niet meer los. Maar hoe schrijf je een boek en wie zegt dat het ooit wordt uitgegeven? Onzeker ging ik aan de slag. De eerste stap die ik nam was bij de werkgever (ik werkte als juridisch medewerker op een advocatenkantoor) toestemming vragen voor een lange reis in 1993. Ruim twee maanden dacht ik nodig te hebben voor het verzamelen van al het materiaal voor het boek. In de aanloop naar deze reis werden mijn gedachten zozeer beheerst door de Pyrenee\u00ebn en het boek dat het werk er onder begon te lijden. Ik maakte fouten die ik voordien niet maakte en was aanmerkelijk minder productief. Alleen op een kamertje zitten, uitkijken op achtertuinen van stadswoningen, een hoofd vol Pyrenee\u00ebn, dat is niet echt bevorderlijk voor de kwaliteit van het werk. Mijn gedachten dwaalden voortdurend af naar de Pyrenee\u00ebn en het te maken boek. Aan de ogen van mijn werkgever kon ik aflezen dat hij zich zat af te vragen wat er in hemelsnaam met mij aan de hand was en ook wat hij nog met mij aan moest. Tijdens de monstertocht van 1993 werd mij duidelijk dat ik nog enkele jaren nodig zou hebben om een goed boek te kunnen afleveren en besloot ik om na terugkeer in Nederland ontslag te nemen. Mijn hoofd was vol van de Pyrenee\u00ebn, er was geen plaats meer voor andere zaken. Ik zag mezelf niet meer functioneren in de toenmalige baan. Vervolgens ben ik uitzendwerk gaan doen. Negen maanden werken en dan drie maanden vrij in de zomer, was de bedoeling. Jaren achter elkaar heb ik dat gedaan. Vijf dagen per week werken, op zondag in een restaurant en voor de rest werken aan het boek. Alles heb ik aangepakt, van tenten bouwen, logistiek, groothandel in verfproducten tot het Leger des Heils. Als een kluizenaar heb ik gedurende enkele jaren op een kamer geleefd, iedere cent sparend voor de volgende reis naar de Pyrenee\u00ebn en koortsachtig werkend aan een boek dat misschien nooit uitgegeven zou worden. Al met al een weinig romantisch verhaal, dat in schril contrast staat met de verhalen die ons af en toe bereiken. Zoals dat van de succesvolle bankier die na een glanzende carri\u00e8re zijn Ferrari verkoopt en kiest voor een ander avontuur (na uiteraard eerst zijn financi\u00eble zaakje tot in de puntjes te hebben geregeld). Nou, mijn carri\u00e8re was niet glanzend en de keuze om te gaan wandelen in de Pyrenee\u00ebn en er een boek over te schrijven, is geen vrije geweest, maar een door de Pyrenee\u00ebn aan mij opgelegde. Voor mijn gevoel was er geen andere mogelijkheid dan te doen wat ik heb gedaan.<\/p>\n<figure id=\"attachment_237\" aria-describedby=\"caption-attachment-237\" style=\"width: 300px\" class=\"wp-caption aligncenter\"><a href=\"http:\/\/lepetitrefuge.com\/wp-content\/uploads\/2018\/07\/tonjoosten6.jpg\" data-lightbox=\"gal[123]\"><img loading=\"lazy\" decoding=\"async\" class=\"size-medium wp-image-237\" src=\"http:\/\/lepetitrefuge.com\/wp-content\/uploads\/2018\/07\/tonjoosten6-300x200.jpg\" alt=\"\" width=\"300\" height=\"200\" srcset=\"https:\/\/lepetitrefuge.com\/wp-content\/uploads\/2018\/07\/tonjoosten6-300x200.jpg 300w, https:\/\/lepetitrefuge.com\/wp-content\/uploads\/2018\/07\/tonjoosten6-768x512.jpg 768w, https:\/\/lepetitrefuge.com\/wp-content\/uploads\/2018\/07\/tonjoosten6-1024x683.jpg 1024w, https:\/\/lepetitrefuge.com\/wp-content\/uploads\/2018\/07\/tonjoosten6-450x300.jpg 450w, https:\/\/lepetitrefuge.com\/wp-content\/uploads\/2018\/07\/tonjoosten6.jpg 1572w\" sizes=\"(max-width: 300px) 100vw, 300px\" \/><\/a><figcaption id=\"caption-attachment-237\" class=\"wp-caption-text\">op de top van de Mont Valier<\/figcaption><\/figure>\n<p>In 1996 vond ik de tijd rijp om een deel van het manuscript naar enkele uitgevers te sturen. Grote uitgevers waren het en ik veronderstelde dat zij geen belangstelling voor het boek zouden hebben. Een paar uitgevers liet binnen de kortste keren weten geen interesse te hebben in mijn Pyrenee\u00ebnboek, de andere uitgevers stelden mijn geduld op de proef door enkele maanden geen enkel signaal te geven. Maar uiteindelijk geschiedde het wonder dan toch. Ik kreeg een telefoontje van een uitgever en kon mijn oren niet geloven toen bleek dat men het boek wilde uitgeven. Angst en een knellend gevoel van onzekerheid maakten in een klap plaats voor rust, trots en uitgelatenheid. Het zou nog een jaar duren voordat ik het boek daadwerkelijk in handen kon houden. Ook dat was een bijzonder moment, het inzien van het eindproduct waar ik zolang mee bezig was geweest. Ik kon mijn geluk niet op.<\/p>\n<p>Mijn passie voor de Pyrenee\u00ebn heeft ertoe geleid dat ik ben blijven wandelen en schrijven, al ben ik niet meer op goed geluk boeken gaan maken. Ik ben gaan schrijven in de veilige wetenschap dat het te schrijven boek wordt uitgegeven. Dat werkt heel wat prettiger. Het is prima wat ik in de aanloop naar de uitgave van mijn eerste boek heb gedaan, maar fysiek en mentaal zou ik het niet kunnen opbrengen dat te herhalen.<\/p>\n<p>Intussen heeft een dozijn wandelboeken over de Pyrenee\u00ebn het licht gezien en ik prijs me gelukkig dat Uitgeverij Elmar het vertrouwen in mij heeft gehad om al deze boeken uit te geven. Wat nog ontbrak na al die wandelboeken was een fotoboek. Jaren\u00a0droomde ik ervan\u00a0een mooi boek te maken waarin een selectie van mijn foto\u2019s groot wordt afgedrukt.<\/p>\n<p>Heel blij was ik toen Uitgeverij Atrium bereid was een fotoboek te maken. Ik kreeg de vrije hand en mocht zelf de foto\u2019s uitkiezen, het boek samenstellen en de tekst maken. Het boek is een eigenzinnige, fantasierijke schets van de Pyrenee\u00ebn. De foto\u2019s zijn groot afgedrukt op een vaak zwarte achtergrond. Heel mooi gedaan en het resultaat mag gezien worden. Ik heb veel complimenten mogen ontvangen over dit boek.<br \/>\nIn 2009 verscheen de tweede, geheel herziene druk van de Pyrenean Haute Route. De routebeschrijvingen zijn beter dan ooit en het boek bevat ook 500 GPS-co\u00f6rdinaten als extra hulp bij het vinden van de route.<br \/>\nDe laatste jaren in Nederland heb ik gebruikt om te werken aan het boek \u201cHet geheim van de Pe\u00f1a Collarada\u201d, een gids met avontuurlijke bergtochten. Met dit boek heb ik getracht de cirkel rond te maken door terug te keren naar het eerste boek. Opnieuw een boek met meerdaagse tochten die samen een netwerk vormen, echter deze keer in de westelijke Pyrenee\u00ebn (Parc National des Pyr\u00e9n\u00e9es Occidentales en Parque Nacional de Ordesa y Monte Perdido). Het is een klein, handzaam boek geworden vol uitdagende prachtige tochten voor mensen die van het echte avontuur houden.<\/p>\n<p>En nu, in Frankrijk, ga ik voorzichtig verder. In 2015 heb ik in eigen beheer een fotoboek over de Vall\u00e9e de Bethmale uitgebracht. Een mooie schets van mijn vallei in al zijn facetten: dorpjes, schuren, cabanes, berglandschappen, de bergmeren, mooie toppen, folklore en natuurlijk het beroemde Lac de Bethmale, de bekendste plek van de vallei. Het boek laat de vallei in alle seizoenen zien. Ik vind het een heel geslaagd product en heb veel enthousiaste reacties ontvangen. Het boek is, eind 2017, bijna uitverkocht.<\/p>\n<p>Dan is de vraag nu of er nog meer boeken komen. De tijd zal vanzelf het antwoord geven. Ik voel de behoefte om te gaan schrijven en mijn passie voor de Pyrenee\u00ebn te delen. Mijn hoofd zit vol idee\u00ebn. Je mag dus nog wel wat van me verwachten in de toekomst.<\/p>\n<p><a href=\"http:\/\/lepetitrefuge.com\/wp-content\/uploads\/2018\/07\/tonjoosten1.jpg\" data-lightbox=\"gal[123]\"><img loading=\"lazy\" decoding=\"async\" class=\"size-medium wp-image-234 aligncenter\" src=\"http:\/\/lepetitrefuge.com\/wp-content\/uploads\/2018\/07\/tonjoosten1-300x190.jpg\" alt=\"\" width=\"300\" height=\"190\" srcset=\"https:\/\/lepetitrefuge.com\/wp-content\/uploads\/2018\/07\/tonjoosten1-300x190.jpg 300w, https:\/\/lepetitrefuge.com\/wp-content\/uploads\/2018\/07\/tonjoosten1-768x487.jpg 768w, https:\/\/lepetitrefuge.com\/wp-content\/uploads\/2018\/07\/tonjoosten1-473x300.jpg 473w, https:\/\/lepetitrefuge.com\/wp-content\/uploads\/2018\/07\/tonjoosten1.jpg 960w\" sizes=\"(max-width: 300px) 100vw, 300px\" \/><\/a><\/p>\n","protected":false},"excerpt":{"rendered":"<p>MIJN VERHAAL \u00a0\u201cAlpinisten hebben het maar gemakkelijk. Zij kunnen terecht in alle berggebieden van de wereld. Een Pyrene\u00efst daarentegen heeft zijn hart verpand aan die ene bergketen op de grens van Frankrijk en Spanje en zal zich uitsluitend op de Pyrenee\u00ebn kunnen richten. Het is een kwestie van verbondenheid. Aan de buitenwacht is dit moeilijk uit te leggen.\u201d uit: Mijn Pyrenee\u00ebn, een fotografische impressie Mijn liefde voor de Pyrenee\u00ebn is niet in \u00e9\u00e9n keer ontstaan. Het is niet zo dat ik ging wandelen in de Pyrenee\u00ebn en op slag verliefd werd. Het is allemaal geleidelijk gegaan. Ook is het niet [&hellip;]<\/p>\n","protected":false},"author":1,"featured_media":211,"parent":121,"menu_order":1,"comment_status":"closed","ping_status":"closed","template":"","meta":{"_mi_skip_tracking":false,"footnotes":""},"_links":{"self":[{"href":"https:\/\/lepetitrefuge.com\/index.php?rest_route=\/wp\/v2\/pages\/123"}],"collection":[{"href":"https:\/\/lepetitrefuge.com\/index.php?rest_route=\/wp\/v2\/pages"}],"about":[{"href":"https:\/\/lepetitrefuge.com\/index.php?rest_route=\/wp\/v2\/types\/page"}],"author":[{"embeddable":true,"href":"https:\/\/lepetitrefuge.com\/index.php?rest_route=\/wp\/v2\/users\/1"}],"replies":[{"embeddable":true,"href":"https:\/\/lepetitrefuge.com\/index.php?rest_route=%2Fwp%2Fv2%2Fcomments&post=123"}],"version-history":[{"count":5,"href":"https:\/\/lepetitrefuge.com\/index.php?rest_route=\/wp\/v2\/pages\/123\/revisions"}],"predecessor-version":[{"id":425,"href":"https:\/\/lepetitrefuge.com\/index.php?rest_route=\/wp\/v2\/pages\/123\/revisions\/425"}],"up":[{"embeddable":true,"href":"https:\/\/lepetitrefuge.com\/index.php?rest_route=\/wp\/v2\/pages\/121"}],"wp:featuredmedia":[{"embeddable":true,"href":"https:\/\/lepetitrefuge.com\/index.php?rest_route=\/wp\/v2\/media\/211"}],"wp:attachment":[{"href":"https:\/\/lepetitrefuge.com\/index.php?rest_route=%2Fwp%2Fv2%2Fmedia&parent=123"}],"curies":[{"name":"wp","href":"https:\/\/api.w.org\/{rel}","templated":true}]}}