{"id":121,"date":"2018-07-22T20:36:02","date_gmt":"2018-07-22T18:36:02","guid":{"rendered":"http:\/\/lepetitrefuge.com\/?page_id=121"},"modified":"2020-11-11T13:31:08","modified_gmt":"2020-11-11T11:31:08","slug":"ton-joosten","status":"publish","type":"page","link":"https:\/\/lepetitrefuge.com\/?page_id=121","title":{"rendered":"Ton Joosten"},"content":{"rendered":"<h3>MIJN NAAM IS TON JOOSTEN<\/h3>\n<p><strong>Ik ben geboren (in 1959) en getogen in Nederland en sinds\u00a02009 ben ik eigenaar van een huis in het dorp Ayet in de Franse Pyrenee\u00ebn. Van dat huis, dat ik heb omgedoopt tot Le Petit Refuge,\u00a0heb ik een kleine chambres d\u2019h\u00f4tes gemaakt, waarbij ik me in het bijzonder richt op mensen die willen wandelen en fietsen in de Pyrenee\u00ebn.<\/strong><\/p>\n<p>Dat ik een huis in de Pyrenee\u00ebn heb gekocht, komt niet helemaal uit de lucht vallen. In 1986 bezocht ik de Pyrenee\u00ebn voor het eerst en sindsdien ben ik er elk jaar (soms meerdere keren per jaar) geweest. Al wandelend ben ik onder de indruk geraakt van de Pyrenee\u00ebn en wat begon als een hobby is uitgegroeid tot een passie die ik vol overgave vorm heb gegeven. Dat heb ik in de eerste plaats gedaan door veel en lang te wandelen, maar ook door er veel over te lezen en er boeken over te schrijven. Meer dan tien wandelboeken en een mooi fotoboek zijn in de loop van de jaren verschenen.\u00a0Zo\u2019n 25 jaar na mijn eerste bezoek aan de Pyrenee\u00ebn, na 40 bezoeken aan de Pyrenee\u00ebn en na een slordige 1400 dagen in mijn geliefde bergen te zijn geweest,\u00a0heb ik me er definitief gevestigd. Eigenlijk een logische stap.<\/p>\n<p>Zoals ik mijn boeken heb gemaakt, zo ga ik ook in Le Petit Refuge te werk: met overtuiging, vol overgave en met repect voor de Pyrenee\u00ebn en de mensen die er wonen. Met mijn kennis en enthousiasme hoop ik iets wezenlijks toe te kunnen voegen aan uw vakantie. De streek Couserans, en zeker de valleien van Bethmale en Biros, ken ik door en door en daar laat ik u graag van profiteren. Uw vakantie kan ik natuurlijk niet maken, dat zult u zelf moeten doen, maar ik ben er zeker van dat ik kan bijdragen tot een zeer geslaagd verblijf in Ayet, waaraan u later nog vaak met plezier terug denkt. Graag stuur ik u met een bijzondere ervaring naar huis. Voor minder doe ik het eigenlijk niet!<\/p>\n<p>Indien u vragen heeft over Le Petit Refuge of als u gewoon een praatje wilt maken over mijn\u00a0herberg, mailt\u00a0u dan naar\u00a0<a href=\"http:\/\/www.lepetitrefuge.com\/ton-joosten\/\">lepetitrefuge@orange.fr<\/a>\u00a0of belt\u00a0u 0033 (0)631329642 of 0033 (0)967036083.<\/p>\n<p>Ik zie u graag straks in Le Petit Refuge!<\/p>\n<p>Pyrenee\u00ebngroet,<\/p>\n<p>Ton Joosten<\/p>\n","protected":false},"excerpt":{"rendered":"<p>MIJN NAAM IS TON JOOSTEN Ik ben geboren (in 1959) en getogen in Nederland en sinds\u00a02009 ben ik eigenaar van een huis in het dorp Ayet in de Franse Pyrenee\u00ebn. Van dat huis, dat ik heb omgedoopt tot Le Petit Refuge,\u00a0heb ik een kleine chambres d\u2019h\u00f4tes gemaakt, waarbij ik me in het bijzonder richt op mensen die willen wandelen en fietsen in de Pyrenee\u00ebn. Dat ik een huis in de Pyrenee\u00ebn heb gekocht, komt niet helemaal uit de lucht vallen. In 1986 bezocht ik de Pyrenee\u00ebn voor het eerst en sindsdien ben ik er elk jaar (soms meerdere keren per [&hellip;]<\/p>\n","protected":false},"author":1,"featured_media":237,"parent":0,"menu_order":0,"comment_status":"closed","ping_status":"closed","template":"","meta":{"_mi_skip_tracking":false,"footnotes":""},"_links":{"self":[{"href":"https:\/\/lepetitrefuge.com\/index.php?rest_route=\/wp\/v2\/pages\/121"}],"collection":[{"href":"https:\/\/lepetitrefuge.com\/index.php?rest_route=\/wp\/v2\/pages"}],"about":[{"href":"https:\/\/lepetitrefuge.com\/index.php?rest_route=\/wp\/v2\/types\/page"}],"author":[{"embeddable":true,"href":"https:\/\/lepetitrefuge.com\/index.php?rest_route=\/wp\/v2\/users\/1"}],"replies":[{"embeddable":true,"href":"https:\/\/lepetitrefuge.com\/index.php?rest_route=%2Fwp%2Fv2%2Fcomments&post=121"}],"version-history":[{"count":3,"href":"https:\/\/lepetitrefuge.com\/index.php?rest_route=\/wp\/v2\/pages\/121\/revisions"}],"predecessor-version":[{"id":731,"href":"https:\/\/lepetitrefuge.com\/index.php?rest_route=\/wp\/v2\/pages\/121\/revisions\/731"}],"wp:featuredmedia":[{"embeddable":true,"href":"https:\/\/lepetitrefuge.com\/index.php?rest_route=\/wp\/v2\/media\/237"}],"wp:attachment":[{"href":"https:\/\/lepetitrefuge.com\/index.php?rest_route=%2Fwp%2Fv2%2Fmedia&parent=121"}],"curies":[{"name":"wp","href":"https:\/\/api.w.org\/{rel}","templated":true}]}}